{"id":454,"date":"2025-03-07T17:58:10","date_gmt":"2025-03-07T16:58:10","guid":{"rendered":"https:\/\/arrahma.net\/?page_id=454"},"modified":"2025-03-07T18:01:30","modified_gmt":"2025-03-07T17:01:30","slug":"don-pour-nettoyage-de-la-mosquee","status":"publish","type":"page","link":"https:\/\/centreislamiquederoubaix.fr\/index.php\/don-pour-nettoyage-de-la-mosquee\/","title":{"rendered":"Don pour nettoyage de la mosqu\u00e9e"},"content":{"rendered":"\n<p class=\"has-background\" style=\"background:linear-gradient(80deg,rgb(255,203,112) 0%,rgb(199,81,192) 50%,rgb(65,88,208) 100%)\">D&rsquo;apr\u00e8s &lsquo;Aicha (qu&rsquo;Allah l&rsquo;agr\u00e9e), le Proph\u00e8te (que la pri\u00e8re d&rsquo;Allah et Son salut soient sur lui) nous a ordonn\u00e9 de construire des mosqu\u00e9es dans les quartiers, de les nettoyer et de les parfumer.<br><strong>(Rapport\u00e9 par Abou Daoud dans ses Sounan n\u00b0455 et authentifi\u00e9 par Cheikh Albani dans sa correction de Sounan Abi Daoud)<\/strong><\/p>\n\n\n<div class='root-data-givewp-embed' data-form-locale='fr_FR' data-form-url='https:\/\/centreislamiquederoubaix.fr\/?post_type=give_forms&amp;p=426' data-form-view-url='https:\/\/centreislamiquederoubaix.fr\/?givewp-route=donation-form-view&amp;form-id=426' data-src='https:\/\/centreislamiquederoubaix.fr\/?givewp-route=donation-form-view&amp;form-id=426' data-givewp-embed-id='give-form-shortcode-1' data-form-format='onpage' data-open-form-button='Faire un don maintenant' style='--givewp-primary-color: #2BBAB1; --givewp-secondary-color: #63CC8A;'><\/div>","protected":false},"excerpt":{"rendered":"<p>D&rsquo;apr\u00e8s &lsquo;Aicha (qu&rsquo;Allah l&rsquo;agr\u00e9e), le Proph\u00e8te (que la pri\u00e8re d&rsquo;Allah et Son salut soient sur lui) nous a ordonn\u00e9 de construire des mosqu\u00e9es dans les quartiers, de les nettoyer et de les parfumer.(Rapport\u00e9 par Abou Daoud dans ses Sounan n\u00b0455 et authentifi\u00e9 par Cheikh Albani dans sa correction de Sounan Abi Daoud)<\/p>\n","protected":false},"author":1,"featured_media":0,"parent":0,"menu_order":0,"comment_status":"closed","ping_status":"closed","template":"","meta":{"give_campaign_id":0,"_price":"","_stock":"","_tribe_ticket_header":"","_tribe_default_ticket_provider":"","_ticket_start_date":"","_ticket_end_date":"","_tribe_ticket_show_description":"","_tribe_ticket_show_not_going":false,"_tribe_ticket_use_global_stock":"","_tribe_ticket_global_stock_level":"","_global_stock_mode":"","_global_stock_cap":"","_tribe_rsvp_for_event":"","_tribe_ticket_going_count":"","_tribe_ticket_not_going_count":"","_tribe_tickets_list":"[]","_tribe_ticket_has_attendee_info_fields":false,"footnotes":"","_tec_slr_enabled":"","_tec_slr_layout":""},"class_list":["post-454","page","type-page","status-publish","hentry"],"campaignId":"","ticketed":false,"_links":{"self":[{"href":"https:\/\/centreislamiquederoubaix.fr\/index.php\/wp-json\/wp\/v2\/pages\/454","targetHints":{"allow":["GET"]}}],"collection":[{"href":"https:\/\/centreislamiquederoubaix.fr\/index.php\/wp-json\/wp\/v2\/pages"}],"about":[{"href":"https:\/\/centreislamiquederoubaix.fr\/index.php\/wp-json\/wp\/v2\/types\/page"}],"author":[{"embeddable":true,"href":"https:\/\/centreislamiquederoubaix.fr\/index.php\/wp-json\/wp\/v2\/users\/1"}],"replies":[{"embeddable":true,"href":"https:\/\/centreislamiquederoubaix.fr\/index.php\/wp-json\/wp\/v2\/comments?post=454"}],"version-history":[{"count":4,"href":"https:\/\/centreislamiquederoubaix.fr\/index.php\/wp-json\/wp\/v2\/pages\/454\/revisions"}],"predecessor-version":[{"id":460,"href":"https:\/\/centreislamiquederoubaix.fr\/index.php\/wp-json\/wp\/v2\/pages\/454\/revisions\/460"}],"wp:attachment":[{"href":"https:\/\/centreislamiquederoubaix.fr\/index.php\/wp-json\/wp\/v2\/media?parent=454"}],"curies":[{"name":"wp","href":"https:\/\/api.w.org\/{rel}","templated":true}]}}