{"id":449,"date":"2025-03-07T16:02:21","date_gmt":"2025-03-07T15:02:21","guid":{"rendered":"https:\/\/arrahma.net\/?page_id=449"},"modified":"2025-03-10T14:58:16","modified_gmt":"2025-03-10T13:58:16","slug":"participer-pour-la-distribution-de-leau-aux-fideles","status":"publish","type":"page","link":"https:\/\/centreislamiquederoubaix.fr\/index.php\/participer-pour-la-distribution-de-leau-aux-fideles\/","title":{"rendered":"Participer pour la distribution d&rsquo;eau aux fid\u00e8les"},"content":{"rendered":"\n<p class=\"has-background\" style=\"background:linear-gradient(150deg,rgb(238,238,238) 0%,rgb(169,184,195) 100%)\">Le centre islamique de Roubaix a mis en place des fontaines \u00e0 bonbonnes afin de proposer aux fid\u00e8les une boisson rafraichissante (Eau). Si vous souhaitez participer \u00e0 ce bienfait en achetant des bonbonnes et participer aux frais de l&rsquo;abonnement des fontaines:<\/p>\n\n\n<div class='root-data-givewp-embed' data-form-locale='fr_FR' data-form-url='https:\/\/centreislamiquederoubaix.fr\/?post_type=give_forms&amp;p=425' data-form-view-url='https:\/\/centreislamiquederoubaix.fr\/?givewp-route=donation-form-view&amp;form-id=425' data-src='https:\/\/centreislamiquederoubaix.fr\/?givewp-route=donation-form-view&amp;form-id=425' data-givewp-embed-id='give-form-shortcode-1' data-form-format='onpage' data-open-form-button='Faire un don maintenant' style='--givewp-primary-color: #2BBAB1; --givewp-secondary-color: #63CC8A;'><\/div>","protected":false},"excerpt":{"rendered":"<p>Le centre islamique de Roubaix a mis en place des fontaines \u00e0 bonbonnes afin de proposer aux fid\u00e8les une boisson rafraichissante (Eau). Si vous souhaitez participer \u00e0 ce bienfait en achetant des bonbonnes et participer aux frais de l&rsquo;abonnement des fontaines:<\/p>\n","protected":false},"author":1,"featured_media":0,"parent":0,"menu_order":0,"comment_status":"closed","ping_status":"closed","template":"","meta":{"give_campaign_id":0,"_price":"","_stock":"","_tribe_ticket_header":"","_tribe_default_ticket_provider":"","_ticket_start_date":"","_ticket_end_date":"","_tribe_ticket_show_description":"","_tribe_ticket_show_not_going":false,"_tribe_ticket_use_global_stock":"","_tribe_ticket_global_stock_level":"","_global_stock_mode":"","_global_stock_cap":"","_tribe_rsvp_for_event":"","_tribe_ticket_going_count":"","_tribe_ticket_not_going_count":"","_tribe_tickets_list":"[]","_tribe_ticket_has_attendee_info_fields":false,"footnotes":"","_tec_slr_enabled":"","_tec_slr_layout":""},"class_list":["post-449","page","type-page","status-publish","hentry"],"campaignId":"","ticketed":false,"_links":{"self":[{"href":"https:\/\/centreislamiquederoubaix.fr\/index.php\/wp-json\/wp\/v2\/pages\/449","targetHints":{"allow":["GET"]}}],"collection":[{"href":"https:\/\/centreislamiquederoubaix.fr\/index.php\/wp-json\/wp\/v2\/pages"}],"about":[{"href":"https:\/\/centreislamiquederoubaix.fr\/index.php\/wp-json\/wp\/v2\/types\/page"}],"author":[{"embeddable":true,"href":"https:\/\/centreislamiquederoubaix.fr\/index.php\/wp-json\/wp\/v2\/users\/1"}],"replies":[{"embeddable":true,"href":"https:\/\/centreislamiquederoubaix.fr\/index.php\/wp-json\/wp\/v2\/comments?post=449"}],"version-history":[{"count":4,"href":"https:\/\/centreislamiquederoubaix.fr\/index.php\/wp-json\/wp\/v2\/pages\/449\/revisions"}],"predecessor-version":[{"id":480,"href":"https:\/\/centreislamiquederoubaix.fr\/index.php\/wp-json\/wp\/v2\/pages\/449\/revisions\/480"}],"wp:attachment":[{"href":"https:\/\/centreislamiquederoubaix.fr\/index.php\/wp-json\/wp\/v2\/media?parent=449"}],"curies":[{"name":"wp","href":"https:\/\/api.w.org\/{rel}","templated":true}]}}