{"id":443,"date":"2025-03-07T15:52:41","date_gmt":"2025-03-07T14:52:41","guid":{"rendered":"https:\/\/arrahma.net\/?page_id=443"},"modified":"2025-03-07T15:52:41","modified_gmt":"2025-03-07T14:52:41","slug":"al-fidya","status":"publish","type":"page","link":"https:\/\/centreislamiquederoubaix.fr\/index.php\/al-fidya\/","title":{"rendered":"Al Fidya"},"content":{"rendered":"\n<p class=\"has-blush-light-purple-gradient-background has-background\">Vous devez payer la Fidya si vous sautez un je\u00fbne\u00a0<strong>pour une raison valable<\/strong>. <strong>La mis\u00e9ricorde d&rsquo;Allah est grande<\/strong>\u00a0envers ceux qui sont confront\u00e9s \u00e0 des probl\u00e8mes ind\u00e9pendants de leur volont\u00e9 pendant le Ramadan. Ainsi, lorsqu\u2019une personne n&rsquo;est pas en mesure de je\u00fbner et ne peut le rattraper par la suite, elle doit procurer \u00e0 une personne dans le besoin de quoi se nourrir. Un musulman fait don de la Fidya dans les situations suivantes :                                       &#8212;- Les femmes enceintes ou allaitantes doivent \u00e9conomiser leurs forces pour les autres ainsi elles peuvent payer la Fidya.                                                                                                                                  &#8212;- Les personnes tr\u00e8s \u00e2g\u00e9es peuvent faire don de Fidya, ou les faire faire part d&rsquo;autres en leur nom.                                                                                                                                                                                    &#8211; Les personnes malades, ceux qui n&rsquo;ont pas la force de je\u00fbner en raison d&rsquo;une mauvaise sant\u00e9 peuvent \u00e9galement payer la Fidya.<\/p>\n\n\n<div class='root-data-givewp-embed' data-form-locale='fr_FR' data-form-url='https:\/\/centreislamiquederoubaix.fr\/?post_type=give_forms&amp;p=424' data-form-view-url='https:\/\/centreislamiquederoubaix.fr\/?givewp-route=donation-form-view&amp;form-id=424' data-src='https:\/\/centreislamiquederoubaix.fr\/?givewp-route=donation-form-view&amp;form-id=424' data-givewp-embed-id='give-form-shortcode-1' data-form-format='onpage' data-open-form-button='Faire un don maintenant' style='--givewp-primary-color: #69b86b; --givewp-secondary-color: #2BBAB1;'><\/div>\n\n\n<p><\/p>\n","protected":false},"excerpt":{"rendered":"<p>Vous devez payer la Fidya si vous sautez un je\u00fbne\u00a0pour une raison valable. La mis\u00e9ricorde d&rsquo;Allah est grande\u00a0envers ceux qui sont confront\u00e9s \u00e0 des probl\u00e8mes ind\u00e9pendants de leur volont\u00e9 pendant le Ramadan. Ainsi, lorsqu\u2019une personne n&rsquo;est pas en mesure de je\u00fbner et ne peut le rattraper par la suite, elle doit procurer \u00e0 une personne &hellip; <\/p>\n<p class=\"link-more\"><a href=\"https:\/\/centreislamiquederoubaix.fr\/index.php\/al-fidya\/\" class=\"more-link\">Continuer la lecture<span class=\"screen-reader-text\"> de &laquo;&nbsp;Al Fidya&nbsp;&raquo;<\/span><\/a><\/p>\n","protected":false},"author":1,"featured_media":0,"parent":0,"menu_order":0,"comment_status":"closed","ping_status":"closed","template":"","meta":{"give_campaign_id":0,"_price":"","_stock":"","_tribe_ticket_header":"","_tribe_default_ticket_provider":"","_ticket_start_date":"","_ticket_end_date":"","_tribe_ticket_show_description":"","_tribe_ticket_show_not_going":false,"_tribe_ticket_use_global_stock":"","_tribe_ticket_global_stock_level":"","_global_stock_mode":"","_global_stock_cap":"","_tribe_rsvp_for_event":"","_tribe_ticket_going_count":"","_tribe_ticket_not_going_count":"","_tribe_tickets_list":"[]","_tribe_ticket_has_attendee_info_fields":false,"footnotes":"","_tec_slr_enabled":"","_tec_slr_layout":""},"class_list":["post-443","page","type-page","status-publish","hentry"],"campaignId":"","ticketed":false,"_links":{"self":[{"href":"https:\/\/centreislamiquederoubaix.fr\/index.php\/wp-json\/wp\/v2\/pages\/443","targetHints":{"allow":["GET"]}}],"collection":[{"href":"https:\/\/centreislamiquederoubaix.fr\/index.php\/wp-json\/wp\/v2\/pages"}],"about":[{"href":"https:\/\/centreislamiquederoubaix.fr\/index.php\/wp-json\/wp\/v2\/types\/page"}],"author":[{"embeddable":true,"href":"https:\/\/centreislamiquederoubaix.fr\/index.php\/wp-json\/wp\/v2\/users\/1"}],"replies":[{"embeddable":true,"href":"https:\/\/centreislamiquederoubaix.fr\/index.php\/wp-json\/wp\/v2\/comments?post=443"}],"version-history":[{"count":3,"href":"https:\/\/centreislamiquederoubaix.fr\/index.php\/wp-json\/wp\/v2\/pages\/443\/revisions"}],"predecessor-version":[{"id":446,"href":"https:\/\/centreislamiquederoubaix.fr\/index.php\/wp-json\/wp\/v2\/pages\/443\/revisions\/446"}],"wp:attachment":[{"href":"https:\/\/centreislamiquederoubaix.fr\/index.php\/wp-json\/wp\/v2\/media?parent=443"}],"curies":[{"name":"wp","href":"https:\/\/api.w.org\/{rel}","templated":true}]}}