{"id":435,"date":"2025-03-07T15:25:53","date_gmt":"2025-03-07T14:25:53","guid":{"rendered":"https:\/\/arrahma.net\/?page_id=435"},"modified":"2025-03-07T15:25:53","modified_gmt":"2025-03-07T14:25:53","slug":"zakat-al-fitr","status":"publish","type":"page","link":"https:\/\/centreislamiquederoubaix.fr\/index.php\/zakat-al-fitr\/","title":{"rendered":"Zakat Al Fitr"},"content":{"rendered":"\n<p class=\"has-very-light-gray-to-cyan-bluish-gray-gradient-background has-background\"><strong>La Zakat al Fitr est le moyen pour le musulman je\u00fbneur de se purifier des petites fautes commises durant son je\u00fbne.<\/strong>\u00a0Elle est \u00e9galement une aide, un soutien, un acte de solidarit\u00e9 \u00e0 l\u2019\u00e9gard des pauvres afin qu\u2019ils profitent eux aussi de l\u2019a\u00efd. Un hadith dit en ce sens\u00a0:\u00a0<em>\u00ab\u00a0<strong>Donnez la Zakat el Fitr aux personnes dans le besoin afin de les dispenser d\u2019avoir \u00e0 mendier\u00a0<\/strong>\u00bb\u00a0(Al Daraqotni)<\/em>.<\/p>\n\n\n<div class='root-data-givewp-embed' data-form-locale='fr_FR' data-form-url='https:\/\/centreislamiquederoubaix.fr\/?post_type=give_forms&amp;p=414' data-form-view-url='https:\/\/centreislamiquederoubaix.fr\/?givewp-route=donation-form-view&amp;form-id=414' data-src='https:\/\/centreislamiquederoubaix.fr\/?givewp-route=donation-form-view&amp;form-id=414' data-givewp-embed-id='give-form-shortcode-1' data-form-format='onpage' data-open-form-button='Faire un don maintenant' style='--givewp-primary-color: #4492DD; --givewp-secondary-color: #63CC8A;'><\/div>","protected":false},"excerpt":{"rendered":"<p>La Zakat al Fitr est le moyen pour le musulman je\u00fbneur de se purifier des petites fautes commises durant son je\u00fbne.\u00a0Elle est \u00e9galement une aide, un soutien, un acte de solidarit\u00e9 \u00e0 l\u2019\u00e9gard des pauvres afin qu\u2019ils profitent eux aussi de l\u2019a\u00efd. Un hadith dit en ce sens\u00a0:\u00a0\u00ab\u00a0Donnez la Zakat el Fitr aux personnes dans &hellip; <\/p>\n<p class=\"link-more\"><a href=\"https:\/\/centreislamiquederoubaix.fr\/index.php\/zakat-al-fitr\/\" class=\"more-link\">Continuer la lecture<span class=\"screen-reader-text\"> de &laquo;&nbsp;Zakat Al Fitr&nbsp;&raquo;<\/span><\/a><\/p>\n","protected":false},"author":1,"featured_media":0,"parent":0,"menu_order":0,"comment_status":"closed","ping_status":"closed","template":"","meta":{"give_campaign_id":0,"_price":"","_stock":"","_tribe_ticket_header":"","_tribe_default_ticket_provider":"","_ticket_start_date":"","_ticket_end_date":"","_tribe_ticket_show_description":"","_tribe_ticket_show_not_going":false,"_tribe_ticket_use_global_stock":"","_tribe_ticket_global_stock_level":"","_global_stock_mode":"","_global_stock_cap":"","_tribe_rsvp_for_event":"","_tribe_ticket_going_count":"","_tribe_ticket_not_going_count":"","_tribe_tickets_list":"[]","_tribe_ticket_has_attendee_info_fields":false,"footnotes":"","_tec_slr_enabled":"","_tec_slr_layout":""},"class_list":["post-435","page","type-page","status-publish","hentry"],"campaignId":"","ticketed":false,"_links":{"self":[{"href":"https:\/\/centreislamiquederoubaix.fr\/index.php\/wp-json\/wp\/v2\/pages\/435","targetHints":{"allow":["GET"]}}],"collection":[{"href":"https:\/\/centreislamiquederoubaix.fr\/index.php\/wp-json\/wp\/v2\/pages"}],"about":[{"href":"https:\/\/centreislamiquederoubaix.fr\/index.php\/wp-json\/wp\/v2\/types\/page"}],"author":[{"embeddable":true,"href":"https:\/\/centreislamiquederoubaix.fr\/index.php\/wp-json\/wp\/v2\/users\/1"}],"replies":[{"embeddable":true,"href":"https:\/\/centreislamiquederoubaix.fr\/index.php\/wp-json\/wp\/v2\/comments?post=435"}],"version-history":[{"count":3,"href":"https:\/\/centreislamiquederoubaix.fr\/index.php\/wp-json\/wp\/v2\/pages\/435\/revisions"}],"predecessor-version":[{"id":438,"href":"https:\/\/centreislamiquederoubaix.fr\/index.php\/wp-json\/wp\/v2\/pages\/435\/revisions\/438"}],"wp:attachment":[{"href":"https:\/\/centreislamiquederoubaix.fr\/index.php\/wp-json\/wp\/v2\/media?parent=435"}],"curies":[{"name":"wp","href":"https:\/\/api.w.org\/{rel}","templated":true}]}}