{"id":38,"date":"2024-10-17T19:29:11","date_gmt":"2024-10-17T17:29:11","guid":{"rendered":"https:\/\/arrahma.net\/?page_id=38"},"modified":"2024-11-04T23:07:09","modified_gmt":"2024-11-04T22:07:09","slug":"don-pour-le-projet","status":"publish","type":"page","link":"https:\/\/centreislamiquederoubaix.fr\/index.php\/don-pour-le-projet\/","title":{"rendered":"Don de soutien du Projet de Construction"},"content":{"rendered":"\n<p><strong>Chers fr\u00e8res et s\u0153urs en Islam,<\/strong><\/p>\n\n\n\n<p>Assalamu Alaikum wa Rahmatullahi wa Barakatuh,<\/p>\n\n\n\n<p><em>La construction d\u2019une mosqu\u00e9e est une \u0153uvre de bienfaisance qui apporte des b\u00e9n\u00e9dictions infinies et des r\u00e9compenses durables. La mosqu\u00e9e n\u2019est pas seulement un lieu de pri\u00e8re, mais aussi un centre de la communaut\u00e9 o\u00f9 nous nous r\u00e9unissons pour apprendre, enseigner, et renforcer notre foi.<\/em><\/p>\n\n\n\n<p><strong><em>Pourquoi contribuer \u00e0 la construction de notre mosqu\u00e9e ?<\/em><\/strong><\/p>\n\n\n\n<ol class=\"wp-block-list\">\n<li><em><strong>R\u00e9compense continue (Sadaqah Jariyah)<\/strong>&nbsp;: Chaque pri\u00e8re, chaque enseignement, chaque acte de bienfaisance accompli dans cette mosqu\u00e9e vous apportera des r\u00e9compenses continues, m\u00eame apr\u00e8s votre d\u00e9part de ce monde.<\/em><\/li>\n\n\n\n<li><em><strong>Renforcement de la communaut\u00e9<\/strong>&nbsp;: Une mosqu\u00e9e bien \u00e9tablie devient un pilier de la communaut\u00e9, offrant un espace pour l\u2019\u00e9ducation, le soutien social, et la solidarit\u00e9.<\/em><\/li>\n\n\n\n<li><em><strong>Pr\u00e9servation de notre foi<\/strong>&nbsp;: En contribuant \u00e0 la construction de la mosqu\u00e9e, vous aidez \u00e0 pr\u00e9server et \u00e0 transmettre les valeurs et les enseignements de l\u2019Islam aux g\u00e9n\u00e9rations futures.<\/em><\/li>\n<\/ol>\n\n\n\n<p><strong>Comment pouvez-vous aider ?<\/strong><\/p>\n\n\n\n<ul class=\"wp-block-list\">\n<li><em><strong>Dons financiers<\/strong>&nbsp;: Chaque contribution, grande ou petite, est pr\u00e9cieuse et nous rapproche de notre objectif.<\/em><\/li>\n\n\n\n<li><em><strong>Don de temps et de comp\u00e9tences<\/strong>&nbsp;: Si vous avez des comp\u00e9tences en construction, en \u00e9ducation, ou en gestion, votre aide sera \u00e9galement grandement appr\u00e9ci\u00e9e.<\/em><\/li>\n\n\n\n<li><em><strong>Partage de l\u2019information<\/strong>&nbsp;: Parlez de notre projet \u00e0 vos amis et \u00e0 votre famille, et encouragez les \u00e0 participer.<\/em><\/li>\n<\/ul>\n\n\n\n<p><strong><em>Faites un don aujourd\u2019hui et devenez une partie int\u00e9grante de cette noble cause.<\/em><\/strong><\/p>\n\n\n\n<p><em>Qu\u2019Allah (SWT) vous r\u00e9compense abondamment pour votre g\u00e9n\u00e9rosit\u00e9 et vos efforts.<\/em><\/p>\n\n\n\n<p><em>Jazakum Allahu Khairan,<\/em><\/p>\n\n\n<div class='root-data-givewp-embed' data-form-locale='fr_FR' data-form-url='https:\/\/centreislamiquederoubaix.fr\/?post_type=give_forms&amp;p=228' data-form-view-url='https:\/\/centreislamiquederoubaix.fr\/?givewp-route=donation-form-view&amp;form-id=228' data-src='https:\/\/centreislamiquederoubaix.fr\/?givewp-route=donation-form-view&amp;form-id=228' data-givewp-embed-id='give-form-shortcode-1' data-form-format='' data-open-form-button='Faire un don maintenant' style='--givewp-primary-color: #2BBAB1; --givewp-secondary-color: #63CC8A;'><\/div>\n\n\n\n<p><\/p>\n","protected":false},"excerpt":{"rendered":"<p>Chers fr\u00e8res et s\u0153urs en Islam, Assalamu Alaikum wa Rahmatullahi wa Barakatuh, La construction d\u2019une mosqu\u00e9e est une \u0153uvre de bienfaisance qui apporte des b\u00e9n\u00e9dictions infinies et des r\u00e9compenses durables. La mosqu\u00e9e n\u2019est pas seulement un lieu de pri\u00e8re, mais aussi un centre de la communaut\u00e9 o\u00f9 nous nous r\u00e9unissons pour apprendre, enseigner, et renforcer &hellip; <\/p>\n<p class=\"link-more\"><a href=\"https:\/\/centreislamiquederoubaix.fr\/index.php\/don-pour-le-projet\/\" class=\"more-link\">Continuer la lecture<span class=\"screen-reader-text\"> de &laquo;&nbsp;Don de soutien du Projet de Construction&nbsp;&raquo;<\/span><\/a><\/p>\n","protected":false},"author":1,"featured_media":0,"parent":0,"menu_order":0,"comment_status":"closed","ping_status":"closed","template":"","meta":{"give_campaign_id":0,"_price":"","_stock":"","_tribe_ticket_header":"","_tribe_default_ticket_provider":"","_ticket_start_date":"","_ticket_end_date":"","_tribe_ticket_show_description":"","_tribe_ticket_show_not_going":false,"_tribe_ticket_use_global_stock":"","_tribe_ticket_global_stock_level":"","_global_stock_mode":"","_global_stock_cap":"","_tribe_rsvp_for_event":"","_tribe_ticket_going_count":"","_tribe_ticket_not_going_count":"","_tribe_tickets_list":"[]","_tribe_ticket_has_attendee_info_fields":false,"footnotes":"","_tec_slr_enabled":"","_tec_slr_layout":""},"class_list":["post-38","page","type-page","status-publish","hentry"],"campaignId":"","ticketed":false,"_links":{"self":[{"href":"https:\/\/centreislamiquederoubaix.fr\/index.php\/wp-json\/wp\/v2\/pages\/38","targetHints":{"allow":["GET"]}}],"collection":[{"href":"https:\/\/centreislamiquederoubaix.fr\/index.php\/wp-json\/wp\/v2\/pages"}],"about":[{"href":"https:\/\/centreislamiquederoubaix.fr\/index.php\/wp-json\/wp\/v2\/types\/page"}],"author":[{"embeddable":true,"href":"https:\/\/centreislamiquederoubaix.fr\/index.php\/wp-json\/wp\/v2\/users\/1"}],"replies":[{"embeddable":true,"href":"https:\/\/centreislamiquederoubaix.fr\/index.php\/wp-json\/wp\/v2\/comments?post=38"}],"version-history":[{"count":8,"href":"https:\/\/centreislamiquederoubaix.fr\/index.php\/wp-json\/wp\/v2\/pages\/38\/revisions"}],"predecessor-version":[{"id":343,"href":"https:\/\/centreislamiquederoubaix.fr\/index.php\/wp-json\/wp\/v2\/pages\/38\/revisions\/343"}],"wp:attachment":[{"href":"https:\/\/centreislamiquederoubaix.fr\/index.php\/wp-json\/wp\/v2\/media?parent=38"}],"curies":[{"name":"wp","href":"https:\/\/api.w.org\/{rel}","templated":true}]}}