{"id":311,"date":"2024-11-03T17:17:11","date_gmt":"2024-11-03T16:17:11","guid":{"rendered":"https:\/\/arrahma.net\/?page_id=311"},"modified":"2025-03-07T15:28:01","modified_gmt":"2025-03-07T14:28:01","slug":"zakat-al-mal","status":"publish","type":"page","link":"https:\/\/centreislamiquederoubaix.fr\/index.php\/zakat-al-mal\/","title":{"rendered":"Zakat Al Mal"},"content":{"rendered":"\n<p class=\"has-text-align-center has-black-color has-pale-ocean-gradient-background has-text-color has-background has-link-color has-small-font-size wp-elements-d3e77b1cdfbb5481ea994fd01a04bd68\" style=\"font-style:normal;font-weight:400\">La Zak\u00e2t al Maal est le 3<sup>e<\/sup>&nbsp;pilier fondamental de l\u2019Islam. Elle est une aum\u00f4ne obligatoire destin\u00e9e \u00e0 purifier les revenus des croyants. Institu\u00e9e par Allah, elle exige que chaque musulman dont la richesse d\u00e9passe un certain seuil, appel\u00e9 \u00ab Niss\u00e2b \u00bb, verse chaque ann\u00e9e une partie de ses biens en faveur des n\u00e9cessiteux.<br><br>Le calcul de la Zak\u00e2t al Maal repose sur un montant \u00e9quivalant \u00e0 2,5 % de l\u2019\u00e9pargne ou des actifs d\u00e9tenus sur une ann\u00e9e lunaire compl\u00e8te.<\/p>\n\n\n<div class='root-data-givewp-embed' data-form-locale='fr_FR' data-form-url='https:\/\/centreislamiquederoubaix.fr\/?post_type=give_forms&amp;p=336' data-form-view-url='https:\/\/centreislamiquederoubaix.fr\/?givewp-route=donation-form-view&amp;form-id=336' data-src='https:\/\/centreislamiquederoubaix.fr\/?givewp-route=donation-form-view&amp;form-id=336' data-givewp-embed-id='give-form-shortcode-1' data-form-format='onpage' data-open-form-button='Faire un don maintenant' style='--givewp-primary-color: #4492DD; --givewp-secondary-color: #63CC8A;'><\/div>","protected":false},"excerpt":{"rendered":"<p>La Zak\u00e2t al Maal est le 3e&nbsp;pilier fondamental de l\u2019Islam. Elle est une aum\u00f4ne obligatoire destin\u00e9e \u00e0 purifier les revenus des croyants. Institu\u00e9e par Allah, elle exige que chaque musulman dont la richesse d\u00e9passe un certain seuil, appel\u00e9 \u00ab Niss\u00e2b \u00bb, verse chaque ann\u00e9e une partie de ses biens en faveur des n\u00e9cessiteux. Le calcul &hellip; <\/p>\n<p class=\"link-more\"><a href=\"https:\/\/centreislamiquederoubaix.fr\/index.php\/zakat-al-mal\/\" class=\"more-link\">Continuer la lecture<span class=\"screen-reader-text\"> de &laquo;&nbsp;Zakat Al Mal&nbsp;&raquo;<\/span><\/a><\/p>\n","protected":false},"author":1,"featured_media":0,"parent":0,"menu_order":0,"comment_status":"closed","ping_status":"closed","template":"","meta":{"give_campaign_id":0,"_price":"","_stock":"","_tribe_ticket_header":"","_tribe_default_ticket_provider":"","_ticket_start_date":"","_ticket_end_date":"","_tribe_ticket_show_description":"","_tribe_ticket_show_not_going":false,"_tribe_ticket_use_global_stock":"","_tribe_ticket_global_stock_level":"","_global_stock_mode":"","_global_stock_cap":"","_tribe_rsvp_for_event":"","_tribe_ticket_going_count":"","_tribe_ticket_not_going_count":"","_tribe_tickets_list":"[]","_tribe_ticket_has_attendee_info_fields":false,"footnotes":"","_tec_slr_enabled":"","_tec_slr_layout":""},"class_list":["post-311","page","type-page","status-publish","hentry"],"campaignId":"","ticketed":false,"_links":{"self":[{"href":"https:\/\/centreislamiquederoubaix.fr\/index.php\/wp-json\/wp\/v2\/pages\/311","targetHints":{"allow":["GET"]}}],"collection":[{"href":"https:\/\/centreislamiquederoubaix.fr\/index.php\/wp-json\/wp\/v2\/pages"}],"about":[{"href":"https:\/\/centreislamiquederoubaix.fr\/index.php\/wp-json\/wp\/v2\/types\/page"}],"author":[{"embeddable":true,"href":"https:\/\/centreislamiquederoubaix.fr\/index.php\/wp-json\/wp\/v2\/users\/1"}],"replies":[{"embeddable":true,"href":"https:\/\/centreislamiquederoubaix.fr\/index.php\/wp-json\/wp\/v2\/comments?post=311"}],"version-history":[{"count":17,"href":"https:\/\/centreislamiquederoubaix.fr\/index.php\/wp-json\/wp\/v2\/pages\/311\/revisions"}],"predecessor-version":[{"id":434,"href":"https:\/\/centreislamiquederoubaix.fr\/index.php\/wp-json\/wp\/v2\/pages\/311\/revisions\/434"}],"wp:attachment":[{"href":"https:\/\/centreislamiquederoubaix.fr\/index.php\/wp-json\/wp\/v2\/media?parent=311"}],"curies":[{"name":"wp","href":"https:\/\/api.w.org\/{rel}","templated":true}]}}