{"id":244,"date":"2024-10-20T12:47:55","date_gmt":"2024-10-20T10:47:55","guid":{"rendered":"https:\/\/arrahma.net\/?page_id=244"},"modified":"2026-01-21T00:01:32","modified_gmt":"2026-01-20T23:01:32","slug":"le-projet","status":"publish","type":"page","link":"https:\/\/centreislamiquederoubaix.fr\/index.php\/le-projet\/","title":{"rendered":"Notre Projet"},"content":{"rendered":"\n<p><code>[soliloquy id=\"253\"]<\/code><\/p>\n\n\n\n<p>Ce projet ne vise pas uniquement \u00e0 agrandir une mosqu\u00e9e, il vise \u00e0 <strong>structurer durablement la vie religieuse, \u00e9ducative et sociale<\/strong> de la communaut\u00e9 roubaisienne.<\/p>\n\n\n\n<p>\u2022Un lieu d\u2019\u00e9change inter culturel<\/p>\n\n\n\n<p>\u2022Un lieu de transmission Arabo-musulman<\/p>\n\n\n\n<p>\u2022Un lieu de spiritualit\u00e9<\/p>\n\n\n\n<p>\u2022Un lieu de service \u00e0 la communaut\u00e9<\/p>\n\n\n\n<p>\u2022Un lieu financi\u00e8rement autonome<\/p>\n\n\n\n<p>\u2022Un lieu respectueux de la ville et du voisinage<\/p>\n\n\n\n<p><strong>Les phases de constructions du centre Islamique de Roubaix<\/strong><\/p>\n\n\n\n<p>La Mosqu\u00e9e Arrahma engage sa<strong> Phase 2 de d\u00e9veloppement<\/strong> et <strong>d&rsquo;am\u00e9nagement du parking<\/strong>, avec un projet ambitieux et structurant : faire de votre mosqu\u00e9e un v\u00e9ritable centre islamique vivant, accueillant et au service des fid\u00e8les, de la jeunesse et de la ville.<\/p>\n\n\n\n<figure class=\"wp-block-image size-large\"><img loading=\"lazy\" decoding=\"async\" width=\"1024\" height=\"478\" src=\"https:\/\/arrahma.net\/wp-content\/uploads\/2026\/01\/image-1024x478.png\" alt=\"\" class=\"wp-image-729\" srcset=\"https:\/\/centreislamiquederoubaix.fr\/wp-content\/uploads\/2026\/01\/image-1024x478.png 1024w, https:\/\/centreislamiquederoubaix.fr\/wp-content\/uploads\/2026\/01\/image-300x140.png 300w, https:\/\/centreislamiquederoubaix.fr\/wp-content\/uploads\/2026\/01\/image-768x358.png 768w, https:\/\/centreislamiquederoubaix.fr\/wp-content\/uploads\/2026\/01\/image-1536x717.png 1536w, https:\/\/centreislamiquederoubaix.fr\/wp-content\/uploads\/2026\/01\/image.png 1661w\" sizes=\"auto, (max-width: 767px) 89vw, (max-width: 1000px) 54vw, (max-width: 1071px) 543px, 580px\" \/><\/figure>\n\n\n\n<figure class=\"wp-block-video\"><video height=\"2160\" style=\"aspect-ratio: 3840 \/ 2160;\" width=\"3840\" controls src=\"https:\/\/arrahma.net\/wp-content\/uploads\/2024\/11\/arrahma1.mp4\"><\/video><\/figure>\n\n\n\n<p><\/p>\n","protected":false},"excerpt":{"rendered":"<p>[soliloquy id=\u00a0\u00bb253&Prime;] Ce projet ne vise pas uniquement \u00e0 agrandir une mosqu\u00e9e, il vise \u00e0 structurer durablement la vie religieuse, \u00e9ducative et sociale de la communaut\u00e9 roubaisienne. \u2022Un lieu d\u2019\u00e9change inter culturel \u2022Un lieu de transmission Arabo-musulman \u2022Un lieu de spiritualit\u00e9 \u2022Un lieu de service \u00e0 la communaut\u00e9 \u2022Un lieu financi\u00e8rement autonome \u2022Un lieu respectueux &hellip; <\/p>\n<p class=\"link-more\"><a href=\"https:\/\/centreislamiquederoubaix.fr\/index.php\/le-projet\/\" class=\"more-link\">Continuer la lecture<span class=\"screen-reader-text\"> de &laquo;&nbsp;Notre Projet&nbsp;&raquo;<\/span><\/a><\/p>\n","protected":false},"author":1,"featured_media":0,"parent":0,"menu_order":0,"comment_status":"closed","ping_status":"closed","template":"","meta":{"give_campaign_id":0,"_price":"","_stock":"","_tribe_ticket_header":"","_tribe_default_ticket_provider":"","_ticket_start_date":"","_ticket_end_date":"","_tribe_ticket_show_description":"","_tribe_ticket_show_not_going":false,"_tribe_ticket_use_global_stock":"","_tribe_ticket_global_stock_level":"","_global_stock_mode":"","_global_stock_cap":"","_tribe_rsvp_for_event":"","_tribe_ticket_going_count":"","_tribe_ticket_not_going_count":"","_tribe_tickets_list":"[]","_tribe_ticket_has_attendee_info_fields":false,"footnotes":"","_tec_slr_enabled":"","_tec_slr_layout":""},"class_list":["post-244","page","type-page","status-publish","hentry"],"campaignId":"","ticketed":false,"_links":{"self":[{"href":"https:\/\/centreislamiquederoubaix.fr\/index.php\/wp-json\/wp\/v2\/pages\/244","targetHints":{"allow":["GET"]}}],"collection":[{"href":"https:\/\/centreislamiquederoubaix.fr\/index.php\/wp-json\/wp\/v2\/pages"}],"about":[{"href":"https:\/\/centreislamiquederoubaix.fr\/index.php\/wp-json\/wp\/v2\/types\/page"}],"author":[{"embeddable":true,"href":"https:\/\/centreislamiquederoubaix.fr\/index.php\/wp-json\/wp\/v2\/users\/1"}],"replies":[{"embeddable":true,"href":"https:\/\/centreislamiquederoubaix.fr\/index.php\/wp-json\/wp\/v2\/comments?post=244"}],"version-history":[{"count":11,"href":"https:\/\/centreislamiquederoubaix.fr\/index.php\/wp-json\/wp\/v2\/pages\/244\/revisions"}],"predecessor-version":[{"id":737,"href":"https:\/\/centreislamiquederoubaix.fr\/index.php\/wp-json\/wp\/v2\/pages\/244\/revisions\/737"}],"wp:attachment":[{"href":"https:\/\/centreislamiquederoubaix.fr\/index.php\/wp-json\/wp\/v2\/media?parent=244"}],"curies":[{"name":"wp","href":"https:\/\/api.w.org\/{rel}","templated":true}]}}