{"id":108,"date":"2024-10-18T00:37:42","date_gmt":"2024-10-17T22:37:42","guid":{"rendered":"https:\/\/arrahma.net\/?page_id=108"},"modified":"2026-01-25T00:46:21","modified_gmt":"2026-01-24T23:46:21","slug":"accueil","status":"publish","type":"page","link":"https:\/\/centreislamiquederoubaix.fr\/index.php\/accueil\/","title":{"rendered":"Accueil"},"content":{"rendered":"\n<p>Bienvenue sur le site du Centre Islamique de Roubaix<\/p>\n\n\n\n<blockquote class=\"wp-block-quote is-layout-flow wp-block-quote-is-layout-flow\">\n<p class=\"has-text-align-center has-large-font-size\"><strong>Un lieu de pri\u00e8re, de paix et de fraternit\u00e9.<\/strong><\/p>\n\n\n\n<p class=\"has-text-align-left\">Assalamu alaykum wa rahmatullahi wa barakatuh.<br>Notre mosqu\u00e9e est ouverte \u00e0 toutes et \u00e0 tous, dans un esprit de spiritualit\u00e9, de partage et de solidarit\u00e9. Que vous veniez pour prier, apprendre, vous ressourcer ou rencontrer la communaut\u00e9, vous \u00eates les bienvenus.<\/p>\n<\/blockquote>\n\n\n\n<p class=\"has-vivid-cyan-blue-color has-text-color has-link-color wp-elements-054e42e00f079c4fcf113035a5f92194\"><strong>Activit\u00e9s &amp; \u00c9v\u00e9nements<\/strong><\/p>\n\n\n\n<ul class=\"wp-block-list\">\n<li>Conf\u00e9rences<\/li>\n\n\n\n<li>Cours de Coran et arabe pour enfants et adultes<\/li>\n\n\n\n<li>Ateliers pour jeunes pendant les vacances scolaires<\/li>\n\n\n\n<li>Aide sociale et distribution alimentaire<\/li>\n<\/ul>\n\n\n\n<p><\/p>\n\n\n\n<p class=\"has-vivid-cyan-blue-color has-text-color has-link-color wp-elements-85b2cbba3fcdc9e6dcc3dafc147f839b\"><strong>Soutenez la mosqu\u00e9e dans ses projets :<\/strong><\/p>\n\n\n\n<ul class=\"wp-block-list\">\n<li><a href=\"https:\/\/arrahma.net\/index.php\/donations\/dons-permanents\/\" data-type=\"link\" data-id=\"https:\/\/arrahma.net\/index.php\/donations\/dons-permanents\/\">Entretien, charges et frais de fonctionnement (<strong>dons permanents<\/strong>) <\/a> : Stripe, PayPal, SEPA, ApplePay, GooglePay<\/li>\n\n\n\n<li><a href=\"https:\/\/arrahma.net\/index.php\/donations\/parking\/\" data-type=\"link\" data-id=\"https:\/\/arrahma.net\/index.php\/donations\/parking\/\">Am\u00e9nagement du parking<\/a><\/li>\n\n\n\n<li><a href=\"https:\/\/arrahma.net\/index.php\/don-pour-le-projet\/\" data-type=\"link\" data-id=\"https:\/\/arrahma.net\/index.php\/don-pour-le-projet\/\">Construction du centre Islamique de Roubaix<\/a><\/li>\n<\/ul>\n\n\n\n<p><\/p>\n\n\n\n<p class=\"has-vivid-cyan-blue-color has-text-color has-link-color wp-elements-ae04387f27be6ca82b6b23d7b6befd78\"><strong>\u00c0 propos de la mosqu\u00e9e<\/strong><\/p>\n\n\n\n<ul class=\"wp-block-list\">\n<li>Sermons du vendredi (Khotba) : \n<ul class=\"wp-block-list\">\n<li>Heure d&rsquo;hiver \u00e0 13h00<\/li>\n\n\n\n<li>Heure d&rsquo;\u00e9t\u00e9 \u00e0 14h00<\/li>\n<\/ul>\n<\/li>\n\n\n\n<li>Acc\u00e8s par deux rues :\n<ul class=\"wp-block-list\">\n<li>131 rue d&rsquo;anzin 59100 Roubaix : uniquement le vendredi, f\u00eates et conf\u00e9rences<\/li>\n\n\n\n<li>Rue s\u00e9vign\u00e9 59100 Roubaix : acc\u00e8s principal pendant les heures de pri\u00e8res<\/li>\n<\/ul>\n<\/li>\n\n\n\n<li>Stationnement : Afin de pr\u00e9server de bonnes relations avec nos voisins et \u00e9viter le stationnement g\u00eanant, merci d&rsquo;utiliser les rues autour de la mosqu\u00e9e pour se garer <\/li>\n<\/ul>\n\n\n\n<p><\/p>\n","protected":false},"excerpt":{"rendered":"<p>Bienvenue sur le site du Centre Islamique de Roubaix Un lieu de pri\u00e8re, de paix et de fraternit\u00e9. Assalamu alaykum wa rahmatullahi wa barakatuh.Notre mosqu\u00e9e est ouverte \u00e0 toutes et \u00e0 tous, dans un esprit de spiritualit\u00e9, de partage et de solidarit\u00e9. Que vous veniez pour prier, apprendre, vous ressourcer ou rencontrer la communaut\u00e9, vous &hellip; <\/p>\n<p class=\"link-more\"><a href=\"https:\/\/centreislamiquederoubaix.fr\/index.php\/accueil\/\" class=\"more-link\">Continuer la lecture<span class=\"screen-reader-text\"> de &laquo;&nbsp;Accueil&nbsp;&raquo;<\/span><\/a><\/p>\n","protected":false},"author":1,"featured_media":171,"parent":0,"menu_order":0,"comment_status":"closed","ping_status":"closed","template":"kubio-page-with-left-sidebar","meta":{"give_campaign_id":0,"_price":"","_stock":"","_tribe_ticket_header":"","_tribe_default_ticket_provider":"","_ticket_start_date":"","_ticket_end_date":"","_tribe_ticket_show_description":"","_tribe_ticket_show_not_going":false,"_tribe_ticket_use_global_stock":"","_tribe_ticket_global_stock_level":"","_global_stock_mode":"","_global_stock_cap":"","_tribe_rsvp_for_event":"","_tribe_ticket_going_count":"","_tribe_ticket_not_going_count":"","_tribe_tickets_list":"[]","_tribe_ticket_has_attendee_info_fields":false,"footnotes":"","_tec_slr_enabled":"","_tec_slr_layout":""},"class_list":["post-108","page","type-page","status-publish","has-post-thumbnail","hentry"],"campaignId":"","ticketed":false,"_links":{"self":[{"href":"https:\/\/centreislamiquederoubaix.fr\/index.php\/wp-json\/wp\/v2\/pages\/108","targetHints":{"allow":["GET"]}}],"collection":[{"href":"https:\/\/centreislamiquederoubaix.fr\/index.php\/wp-json\/wp\/v2\/pages"}],"about":[{"href":"https:\/\/centreislamiquederoubaix.fr\/index.php\/wp-json\/wp\/v2\/types\/page"}],"author":[{"embeddable":true,"href":"https:\/\/centreislamiquederoubaix.fr\/index.php\/wp-json\/wp\/v2\/users\/1"}],"replies":[{"embeddable":true,"href":"https:\/\/centreislamiquederoubaix.fr\/index.php\/wp-json\/wp\/v2\/comments?post=108"}],"version-history":[{"count":11,"href":"https:\/\/centreislamiquederoubaix.fr\/index.php\/wp-json\/wp\/v2\/pages\/108\/revisions"}],"predecessor-version":[{"id":782,"href":"https:\/\/centreislamiquederoubaix.fr\/index.php\/wp-json\/wp\/v2\/pages\/108\/revisions\/782"}],"wp:featuredmedia":[{"embeddable":true,"href":"https:\/\/centreislamiquederoubaix.fr\/index.php\/wp-json\/wp\/v2\/media\/171"}],"wp:attachment":[{"href":"https:\/\/centreislamiquederoubaix.fr\/index.php\/wp-json\/wp\/v2\/media?parent=108"}],"curies":[{"name":"wp","href":"https:\/\/api.w.org\/{rel}","templated":true}]}}